{"id":1115,"date":"2022-01-19T22:04:26","date_gmt":"2022-01-19T21:04:26","guid":{"rendered":"https:\/\/stpierreflsca2.wpengine.com\/?page_id=1115"},"modified":"2023-11-21T12:18:21","modified_gmt":"2023-11-21T11:18:21","slug":"commandez-en-ligne","status":"publish","type":"page","link":"https:\/\/www.st-pierrefuels.ca\/fr\/commandez-en-ligne\/","title":{"rendered":"Commandez en ligne"},"content":{"rendered":"<section class=\"wpb-content-wrapper\"><p>[vc_row css=\u00a0\u00bb.vc_custom_1473878383241{padding-top: 0px !important;padding-bottom: 0px !important;}\u00a0\u00bb][vc_column][vc_column_text][\/vc_column_text][vc_column_text]<\/p>\n<div class=\"wpb_text_column wpb_content_element \">\n<div class=\"wpb_wrapper\">\n<h2 style=\"text-align: center;\">Planifiez votre livraison d&rsquo;huile en remplissant le formulaire ci-dessous. Livraison rapide !<\/h2>\n<\/div>\n<\/div>\n<p>[\/vc_column_text][vc_separator color=\u00a0\u00bbcustom\u00a0\u00bb border_width=\u00a0\u00bb3&Prime; el_width=\u00a0\u00bb10&Prime; accent_color=\u00a0\u00bb#ff0000&Prime;][vc_column_text]<\/p>\n<div class=\"wpb_text_column wpb_content_element \">\n<div class=\"wpb_wrapper\">\n<p style=\"text-align: center;\">Pour toute commande urgente, veuillez contacter St-Pierre Fuels par t\u00e9l\u00e9phone au (613) 347-3407.<\/p>\n<\/div>\n<\/div>\n<p>[\/vc_column_text]<script type=\"text\/javascript\">var gform;gform||(document.addEventListener(\"gform_main_scripts_loaded\",function(){gform.scriptsLoaded=!0}),window.addEventListener(\"DOMContentLoaded\",function(){gform.domLoaded=!0}),gform={domLoaded:!1,scriptsLoaded:!1,initializeOnLoaded:function(o){gform.domLoaded&&gform.scriptsLoaded?o():!gform.domLoaded&&gform.scriptsLoaded?window.addEventListener(\"DOMContentLoaded\",o):document.addEventListener(\"gform_main_scripts_loaded\",o)},hooks:{action:{},filter:{}},addAction:function(o,n,r,t){gform.addHook(\"action\",o,n,r,t)},addFilter:function(o,n,r,t){gform.addHook(\"filter\",o,n,r,t)},doAction:function(o){gform.doHook(\"action\",o,arguments)},applyFilters:function(o){return gform.doHook(\"filter\",o,arguments)},removeAction:function(o,n){gform.removeHook(\"action\",o,n)},removeFilter:function(o,n,r){gform.removeHook(\"filter\",o,n,r)},addHook:function(o,n,r,t,i){null==gform.hooks[o][n]&&(gform.hooks[o][n]=[]);var e=gform.hooks[o][n];null==i&&(i=n+\"_\"+e.length),gform.hooks[o][n].push({tag:i,callable:r,priority:t=null==t?10:t})},doHook:function(n,o,r){var t;if(r=Array.prototype.slice.call(r,1),null!=gform.hooks[n][o]&&((o=gform.hooks[n][o]).sort(function(o,n){return o.priority-n.priority}),o.forEach(function(o){\"function\"!=typeof(t=o.callable)&&(t=window[t]),\"action\"==n?t.apply(null,r):r[0]=t.apply(null,r)})),\"filter\"==n)return r[0]},removeHook:function(o,n,t,i){var r;null!=gform.hooks[o][n]&&(r=(r=gform.hooks[o][n]).filter(function(o,n,r){return!!(null!=i&&i!=o.tag||null!=t&&t!=o.priority)}),gform.hooks[o][n]=r)}});<\/script>\n                <div class='gf_browser_gecko gform_wrapper gravity-theme gform-theme--no-framework form-acheter_wrapper' data-form-theme='gravity-theme' data-form-index='0' id='gform_wrapper_2' ><form method='post' enctype='multipart\/form-data'  id='gform_2' class='form-acheter' action='\/fr\/wp-json\/wp\/v2\/pages\/1115\/' data-formid='2' novalidate>\n                        <div class='gform-body gform_body'><div id='gform_fields_2' class='gform_fields top_label form_sublabel_below description_below'><div id=\"field_2_4\"  class=\"gfield gfield--type-text gfield--width-half gfield_contains_required field_sublabel_below gfield--no-description field_description_below hidden_label gfield_visibility_visible\"  data-js-reload=\"field_2_4\"><label class='gfield_label gform-field-label' for='input_2_4' >Nom<span class=\"gfield_required\"><span class=\"gfield_required gfield_required_text\">(N\u00e9cessaire)<\/span><\/span><\/label><div class='ginput_container ginput_container_text'><input name='input_4' id='input_2_4' type='text' value='' class='large'    placeholder='Nom*' aria-required=\"true\" aria-invalid=\"false\"   \/> <\/div><\/div><div id=\"field_2_11\"  class=\"gfield gfield--type-phone gfield--width-half gfield_contains_required field_sublabel_below gfield--no-description field_description_below hidden_label gfield_visibility_visible\"  data-js-reload=\"field_2_11\"><label class='gfield_label gform-field-label' for='input_2_11' >T\u00e9l\u00e9phone<span class=\"gfield_required\"><span class=\"gfield_required gfield_required_text\">(N\u00e9cessaire)<\/span><\/span><\/label><div class='ginput_container ginput_container_phone'><input name='input_11' id='input_2_11' type='tel' value='' class='large'  placeholder='T\u00e9l\u00e9phone*' aria-required=\"true\" aria-invalid=\"false\"   \/><\/div><\/div><div id=\"field_2_3\"  class=\"gfield gfield--type-email gfield--width-half gfield_contains_required field_sublabel_below gfield--no-description field_description_below hidden_label gfield_visibility_visible\"  data-js-reload=\"field_2_3\"><label class='gfield_label gform-field-label' for='input_2_3' >Courriel<span class=\"gfield_required\"><span class=\"gfield_required gfield_required_text\">(N\u00e9cessaire)<\/span><\/span><\/label><div class='ginput_container ginput_container_email'>\n                            <input name='input_3' id='input_2_3' type='email' value='' class='large'   placeholder='Courriel*' aria-required=\"true\" aria-invalid=\"false\"  \/>\n                        <\/div><\/div><div id=\"field_2_20\"  class=\"gfield gfield--type-text gfield--width-half field_sublabel_below gfield--no-description field_description_below hidden_label gfield_visibility_visible\"  data-js-reload=\"field_2_20\"><label class='gfield_label gform-field-label' for='input_2_20' >Num\u00e9ro de compte<\/label><div class='ginput_container ginput_container_text'><input name='input_20' id='input_2_20' type='text' value='' class='large'    placeholder='Num\u00e9ro de compte'  aria-invalid=\"false\"   \/> <\/div><\/div><fieldset id=\"field_2_12\"  class=\"gfield gfield--type-address gfield--width-full direccion gfield_contains_required field_sublabel_hidden_label gfield--no-description field_description_below hidden_label gfield_visibility_visible\"  data-js-reload=\"field_2_12\"><legend class='gfield_label gform-field-label gfield_label_before_complex'  >Adresse<span class=\"gfield_required\"><span class=\"gfield_required gfield_required_text\">(N\u00e9cessaire)<\/span><\/span><\/legend>    \n                    <div class='ginput_complex ginput_container has_street has_city has_state has_zip ginput_container_address gform-grid-row' id='input_2_12' >\n                         <span class='ginput_full address_line_1 ginput_address_line_1 gform-grid-col' id='input_2_12_1_container' >\n                                        <input type='text' name='input_12.1' id='input_2_12_1' value=''   placeholder='Adresse postale*' aria-required='true'    \/>\n                                        <label for='input_2_12_1' id='input_2_12_1_label' class='gform-field-label gform-field-label--type-sub hidden_sub_label screen-reader-text'>Adresse postale<\/label>\n                                    <\/span><span class='ginput_left address_city ginput_address_city gform-grid-col' id='input_2_12_3_container' >\n                                    <input type='text' name='input_12.3' id='input_2_12_3' value=''   placeholder='Ville*' aria-required='true'    \/>\n                                    <label for='input_2_12_3' id='input_2_12_3_label' class='gform-field-label gform-field-label--type-sub hidden_sub_label screen-reader-text'>Ville<\/label>\n                                 <\/span><span class='ginput_right address_state ginput_address_state gform-grid-col' id='input_2_12_4_container' >\n                                        <select name='input_12.4' id='input_2_12_4'     aria-required='true'    ><option value='' selected='selected'>Ontario*<\/option><option value='Alberta' >Alberta<\/option><option value='Colombie-Britannique' >Colombie-Britannique<\/option><option value='Manitoba' >Manitoba<\/option><option value='Nouveau-Brunswick' >Nouveau-Brunswick<\/option><option value='Terre-Neuve-et-Labrador' >Terre-Neuve-et-Labrador<\/option><option value='Territoires du Nord-Ouest' >Territoires du Nord-Ouest<\/option><option value='Nouvelle-\u00c9cosse' >Nouvelle-\u00c9cosse<\/option><option value='Nunavut' >Nunavut<\/option><option value='Ontario' >Ontario<\/option><option value='\u00cele du Prince-\u00c9douard' >\u00cele du Prince-\u00c9douard<\/option><option value='Qu\u00e9bec' >Qu\u00e9bec<\/option><option value='Saskatchewan' >Saskatchewan<\/option><option value='Yukon' >Yukon<\/option><\/select>\n                                        <label for='input_2_12_4' id='input_2_12_4_label' class='gform-field-label gform-field-label--type-sub hidden_sub_label screen-reader-text'>Province<\/label>\n                                      <\/span><span class='ginput_left address_zip ginput_address_zip gform-grid-col' id='input_2_12_5_container' >\n                                    <input type='text' name='input_12.5' id='input_2_12_5' value=''   placeholder='Code postal*' aria-required='true'    \/>\n                                    <label for='input_2_12_5' id='input_2_12_5_label' class='gform-field-label gform-field-label--type-sub hidden_sub_label screen-reader-text'>Code postal<\/label>\n                                <\/span><input type='hidden' class='gform_hidden' name='input_12.6' id='input_2_12_6' value='Canada' \/>\n                    <div class='gf_clear gf_clear_complex'><\/div>\n                <\/div><\/fieldset><div id=\"field_2_18\"  class=\"gfield gfield--type-select gfield--width-half gfield_contains_required field_sublabel_below gfield--no-description field_description_below hidden_label gfield_visibility_visible\"  data-js-reload=\"field_2_18\"><label class='gfield_label gform-field-label' for='input_2_18' >Type de carburant<span class=\"gfield_required\"><span class=\"gfield_required gfield_required_text\">(N\u00e9cessaire)<\/span><\/span><\/label><div class='ginput_container ginput_container_select'><select name='input_18' id='input_2_18' class='large gfield_select'    aria-required=\"true\" aria-invalid=\"false\" ><option value='' selected='selected' class='gf_placeholder'>Veuillez choisir un type de carburant*<\/option><option value='Mazout no.1 ( huile \u00e0 po\u00eale )' >Mazout no.1 ( huile \u00e0 po\u00eale )<\/option><option value='Mazout no.2 ( huile \u00e0 fournaise )' >Mazout no.2 ( huile \u00e0 fournaise )<\/option><option value='Diesel clair' >Diesel clair<\/option><option value='Diesel color\u00e9' >Diesel color\u00e9<\/option><option value='Essence sans plomb' >Essence sans plomb<\/option><option value='Essence super sans plomb' >Essence super sans plomb<\/option><option value='Graisse' >Graisse<\/option><option value='Huile' >Huile<\/option><\/select><\/div><\/div><div id=\"field_2_21\"  class=\"gfield gfield--type-text gfield--width-half gfield_contains_required field_sublabel_below gfield--no-description field_description_below hidden_label gfield_visibility_visible\"  data-js-reload=\"field_2_21\"><label class='gfield_label gform-field-label' for='input_2_21' >Quantit\u00e9<span class=\"gfield_required\"><span class=\"gfield_required gfield_required_text\">(N\u00e9cessaire)<\/span><\/span><\/label><div class='ginput_container ginput_container_text'><input name='input_21' id='input_2_21' type='text' value='' class='large'    placeholder='Quantit\u00e9* (remplir ou minimum 500 litres)' aria-required=\"true\" aria-invalid=\"false\"   \/> <\/div><\/div><div id=\"field_2_8\"  class=\"gfield gfield--type-textarea gfield--width-full field_sublabel_below gfield--no-description field_description_below hidden_label gfield_visibility_visible\"  data-js-reload=\"field_2_8\"><label class='gfield_label gform-field-label' for='input_2_8' >Message<\/label><div class='ginput_container ginput_container_textarea'><textarea name='input_8' id='input_2_8' class='textarea small'    placeholder='Message'  aria-invalid=\"false\"   rows='10' cols='50'><\/textarea><\/div><\/div><\/div><\/div>\n        <div class='gform_footer top_label'> <input type='submit' id='gform_submit_button_2' class='gform_button button' value='Commander'  onclick='if(window[\"gf_submitting_2\"]){return false;}  if( !jQuery(\"#gform_2\")[0].checkValidity || jQuery(\"#gform_2\")[0].checkValidity()){window[\"gf_submitting_2\"]=true;}  ' onkeypress='if( event.keyCode == 13 ){ if(window[\"gf_submitting_2\"]){return false;} if( !jQuery(\"#gform_2\")[0].checkValidity || jQuery(\"#gform_2\")[0].checkValidity()){window[\"gf_submitting_2\"]=true;}  jQuery(\"#gform_2\").trigger(\"submit\",[true]); }' \/> \n            <input type='hidden' class='gform_hidden' name='is_submit_2' value='1' \/>\n            <input type='hidden' class='gform_hidden' name='gform_submit' value='2' \/>\n            \n            <input type='hidden' class='gform_hidden' name='gform_unique_id' value='' \/>\n            <input type='hidden' class='gform_hidden' name='state_2' value='WyJbXSIsImE3MWQ0YzVjOTdhZmJiMWNlNjg4N2E5MzE2NmE1NTI4Il0=' \/>\n            <input type='hidden' class='gform_hidden' name='gform_target_page_number_2' id='gform_target_page_number_2' value='0' \/>\n            <input type='hidden' class='gform_hidden' name='gform_source_page_number_2' id='gform_source_page_number_2' value='1' \/>\n            <input type='hidden' name='gform_field_values' value='' \/>\n            \n        <\/div>\n                        <\/form>\n                        <\/div><script type=\"text\/javascript\">\n\/* <![CDATA[ *\/\n gform.initializeOnLoaded( function() {gformInitSpinner( 2, 'https:\/\/www.st-pierrefuels.ca\/wp-content\/plugins\/gravityforms\/images\/spinner.svg', true );jQuery('#gform_ajax_frame_2').on('load',function(){var contents = jQuery(this).contents().find('*').html();var is_postback = contents.indexOf('GF_AJAX_POSTBACK') >= 0;if(!is_postback){return;}var form_content = jQuery(this).contents().find('#gform_wrapper_2');var is_confirmation = jQuery(this).contents().find('#gform_confirmation_wrapper_2').length > 0;var is_redirect = contents.indexOf('gformRedirect(){') >= 0;var is_form = form_content.length > 0 && ! is_redirect && ! is_confirmation;var mt = parseInt(jQuery('html').css('margin-top'), 10) + parseInt(jQuery('body').css('margin-top'), 10) + 100;if(is_form){jQuery('#gform_wrapper_2').html(form_content.html());if(form_content.hasClass('gform_validation_error')){jQuery('#gform_wrapper_2').addClass('gform_validation_error');} else {jQuery('#gform_wrapper_2').removeClass('gform_validation_error');}setTimeout( function() { \/* delay the scroll by 50 milliseconds to fix a bug in chrome *\/  }, 50 );if(window['gformInitDatepicker']) {gformInitDatepicker();}if(window['gformInitPriceFields']) {gformInitPriceFields();}var current_page = jQuery('#gform_source_page_number_2').val();gformInitSpinner( 2, 'https:\/\/www.st-pierrefuels.ca\/wp-content\/plugins\/gravityforms\/images\/spinner.svg', true );jQuery(document).trigger('gform_page_loaded', [2, current_page]);window['gf_submitting_2'] = false;}else if(!is_redirect){var confirmation_content = jQuery(this).contents().find('.GF_AJAX_POSTBACK').html();if(!confirmation_content){confirmation_content = contents;}setTimeout(function(){jQuery('#gform_wrapper_2').replaceWith(confirmation_content);jQuery(document).trigger('gform_confirmation_loaded', [2]);window['gf_submitting_2'] = false;wp.a11y.speak(jQuery('#gform_confirmation_message_2').text());}, 50);}else{jQuery('#gform_2').append(contents);if(window['gformRedirect']) {gformRedirect();}}jQuery(document).trigger('gform_post_render', [2, current_page]);gform.utils.trigger({ event: 'gform\/postRender', native: false, data: { formId: 2, currentPage: current_page } });} );} ); \n\/* ]]> *\/\n<\/script>\n[vc_column_text]<\/p>\n<p>&nbsp;<\/p>\n<p>[\/vc_column_text][\/vc_column][\/vc_row]<\/p>\n<\/section>","protected":false},"excerpt":{"rendered":"<p>[vc_row css=\u00a0\u00bb.vc_custom_1473878383241{padding-top: 0px !important;padding-bottom: 0px !important;}\u00a0\u00bb][vc_column][vc_column_text][\/vc_column_text][vc_column_text] Planifiez votre livraison d&rsquo;huile en remplissant le formulaire ci-dessous. Livraison rapide ! [\/vc_column_text][vc_separator color=\u00a0\u00bbcustom\u00a0\u00bb border_width=\u00a0\u00bb3&Prime; el_width=\u00a0\u00bb10&Prime; accent_color=\u00a0\u00bb#ff0000&Prime;][vc_column_text] Pour toute commande urgente, veuillez contacter St-Pierre&#8230;<\/p>\n","protected":false},"author":4,"featured_media":0,"parent":0,"menu_order":0,"comment_status":"closed","ping_status":"closed","template":"","meta":{"footnotes":""},"class_list":["post-1115","page","type-page","status-publish","hentry"],"yoast_head":"<!-- This site is optimized with the Yoast SEO plugin v20.9 - https:\/\/yoast.com\/wordpress\/plugins\/seo\/ -->\n<title>Commandez en ligne | St-Pierre Fuels<\/title>\n<meta name=\"description\" content=\"Notre \u00e9quipe est disponible pour r\u00e9pondre \u00e0 toutes vos questions. (613) 347-3407\" \/>\n<meta name=\"robots\" content=\"index, follow, max-snippet:-1, max-image-preview:large, max-video-preview:-1\" \/>\n<link rel=\"canonical\" href=\"https:\/\/www.st-pierrefuels.ca\/fr\/commandez-en-ligne\/\" \/>\n<meta property=\"og:locale\" content=\"fr_FR\" \/>\n<meta property=\"og:type\" content=\"article\" \/>\n<meta property=\"og:title\" content=\"Commandez en ligne | St-Pierre Fuels\" \/>\n<meta property=\"og:description\" content=\"Notre \u00e9quipe est disponible pour r\u00e9pondre \u00e0 toutes vos questions. (613) 347-3407\" \/>\n<meta property=\"og:url\" content=\"https:\/\/www.st-pierrefuels.ca\/fr\/commandez-en-ligne\/\" \/>\n<meta property=\"og:site_name\" content=\"St-Pierre Fuels\" \/>\n<meta property=\"article:modified_time\" content=\"2023-11-21T11:18:21+00:00\" \/>\n<meta name=\"twitter:card\" content=\"summary_large_image\" \/>\n<meta name=\"twitter:label1\" content=\"Dur\u00e9e de lecture estim\u00e9e\" \/>\n\t<meta name=\"twitter:data1\" content=\"1 minute\" \/>\n<script type=\"application\/ld+json\" class=\"yoast-schema-graph\">{\"@context\":\"https:\/\/schema.org\",\"@graph\":[{\"@type\":\"WebPage\",\"@id\":\"https:\/\/www.st-pierrefuels.ca\/fr\/commandez-en-ligne\/\",\"url\":\"https:\/\/www.st-pierrefuels.ca\/fr\/commandez-en-ligne\/\",\"name\":\"Commandez en ligne | St-Pierre Fuels\",\"isPartOf\":{\"@id\":\"https:\/\/www.st-pierrefuels.ca\/#website\"},\"datePublished\":\"2022-01-19T21:04:26+00:00\",\"dateModified\":\"2023-11-21T11:18:21+00:00\",\"description\":\"Notre \u00e9quipe est disponible pour r\u00e9pondre \u00e0 toutes vos questions. (613) 347-3407\",\"breadcrumb\":{\"@id\":\"https:\/\/www.st-pierrefuels.ca\/fr\/commandez-en-ligne\/#breadcrumb\"},\"inLanguage\":\"fr-FR\",\"potentialAction\":[{\"@type\":\"ReadAction\",\"target\":[\"https:\/\/www.st-pierrefuels.ca\/fr\/commandez-en-ligne\/\"]}]},{\"@type\":\"BreadcrumbList\",\"@id\":\"https:\/\/www.st-pierrefuels.ca\/fr\/commandez-en-ligne\/#breadcrumb\",\"itemListElement\":[{\"@type\":\"ListItem\",\"position\":1,\"name\":\"Home\",\"item\":\"https:\/\/www.st-pierrefuels.ca\/fr\/\"},{\"@type\":\"ListItem\",\"position\":2,\"name\":\"Commandez en ligne\"}]},{\"@type\":\"WebSite\",\"@id\":\"https:\/\/www.st-pierrefuels.ca\/#website\",\"url\":\"https:\/\/www.st-pierrefuels.ca\/\",\"name\":\"St-Pierre Fuels\",\"description\":\"Notre priorit\u00e9- votre satisfaction!\",\"publisher\":{\"@id\":\"https:\/\/www.st-pierrefuels.ca\/#organization\"},\"potentialAction\":[{\"@type\":\"SearchAction\",\"target\":{\"@type\":\"EntryPoint\",\"urlTemplate\":\"https:\/\/www.st-pierrefuels.ca\/?s={search_term_string}\"},\"query-input\":\"required name=search_term_string\"}],\"inLanguage\":\"fr-FR\"},{\"@type\":\"Organization\",\"@id\":\"https:\/\/www.st-pierrefuels.ca\/#organization\",\"name\":\"St-Pierre Fuels\",\"url\":\"https:\/\/www.st-pierrefuels.ca\/\",\"logo\":{\"@type\":\"ImageObject\",\"inLanguage\":\"fr-FR\",\"@id\":\"https:\/\/www.st-pierrefuels.ca\/#\/schema\/logo\/image\/\",\"url\":\"https:\/\/stpierreflsca2.wpengine.com\/wp-content\/uploads\/2016\/09\/St_Pierre_Fuels_NEW.png\",\"contentUrl\":\"https:\/\/stpierreflsca2.wpengine.com\/wp-content\/uploads\/2016\/09\/St_Pierre_Fuels_NEW.png\",\"width\":3000,\"height\":800,\"caption\":\"St-Pierre Fuels\"},\"image\":{\"@id\":\"https:\/\/www.st-pierrefuels.ca\/#\/schema\/logo\/image\/\"}}]}<\/script>\n<!-- \/ Yoast SEO plugin. -->","yoast_head_json":{"title":"Commandez en ligne | St-Pierre Fuels","description":"Notre \u00e9quipe est disponible pour r\u00e9pondre \u00e0 toutes vos questions. (613) 347-3407","robots":{"index":"index","follow":"follow","max-snippet":"max-snippet:-1","max-image-preview":"max-image-preview:large","max-video-preview":"max-video-preview:-1"},"canonical":"https:\/\/www.st-pierrefuels.ca\/fr\/commandez-en-ligne\/","og_locale":"fr_FR","og_type":"article","og_title":"Commandez en ligne | St-Pierre Fuels","og_description":"Notre \u00e9quipe est disponible pour r\u00e9pondre \u00e0 toutes vos questions. (613) 347-3407","og_url":"https:\/\/www.st-pierrefuels.ca\/fr\/commandez-en-ligne\/","og_site_name":"St-Pierre Fuels","article_modified_time":"2023-11-21T11:18:21+00:00","twitter_card":"summary_large_image","twitter_misc":{"Dur\u00e9e de lecture estim\u00e9e":"1 minute"},"schema":{"@context":"https:\/\/schema.org","@graph":[{"@type":"WebPage","@id":"https:\/\/www.st-pierrefuels.ca\/fr\/commandez-en-ligne\/","url":"https:\/\/www.st-pierrefuels.ca\/fr\/commandez-en-ligne\/","name":"Commandez en ligne | St-Pierre Fuels","isPartOf":{"@id":"https:\/\/www.st-pierrefuels.ca\/#website"},"datePublished":"2022-01-19T21:04:26+00:00","dateModified":"2023-11-21T11:18:21+00:00","description":"Notre \u00e9quipe est disponible pour r\u00e9pondre \u00e0 toutes vos questions. (613) 347-3407","breadcrumb":{"@id":"https:\/\/www.st-pierrefuels.ca\/fr\/commandez-en-ligne\/#breadcrumb"},"inLanguage":"fr-FR","potentialAction":[{"@type":"ReadAction","target":["https:\/\/www.st-pierrefuels.ca\/fr\/commandez-en-ligne\/"]}]},{"@type":"BreadcrumbList","@id":"https:\/\/www.st-pierrefuels.ca\/fr\/commandez-en-ligne\/#breadcrumb","itemListElement":[{"@type":"ListItem","position":1,"name":"Home","item":"https:\/\/www.st-pierrefuels.ca\/fr\/"},{"@type":"ListItem","position":2,"name":"Commandez en ligne"}]},{"@type":"WebSite","@id":"https:\/\/www.st-pierrefuels.ca\/#website","url":"https:\/\/www.st-pierrefuels.ca\/","name":"St-Pierre Fuels","description":"Notre priorit\u00e9- votre satisfaction!","publisher":{"@id":"https:\/\/www.st-pierrefuels.ca\/#organization"},"potentialAction":[{"@type":"SearchAction","target":{"@type":"EntryPoint","urlTemplate":"https:\/\/www.st-pierrefuels.ca\/?s={search_term_string}"},"query-input":"required name=search_term_string"}],"inLanguage":"fr-FR"},{"@type":"Organization","@id":"https:\/\/www.st-pierrefuels.ca\/#organization","name":"St-Pierre Fuels","url":"https:\/\/www.st-pierrefuels.ca\/","logo":{"@type":"ImageObject","inLanguage":"fr-FR","@id":"https:\/\/www.st-pierrefuels.ca\/#\/schema\/logo\/image\/","url":"https:\/\/stpierreflsca2.wpengine.com\/wp-content\/uploads\/2016\/09\/St_Pierre_Fuels_NEW.png","contentUrl":"https:\/\/stpierreflsca2.wpengine.com\/wp-content\/uploads\/2016\/09\/St_Pierre_Fuels_NEW.png","width":3000,"height":800,"caption":"St-Pierre Fuels"},"image":{"@id":"https:\/\/www.st-pierrefuels.ca\/#\/schema\/logo\/image\/"}}]}},"_links":{"self":[{"href":"https:\/\/www.st-pierrefuels.ca\/fr\/wp-json\/wp\/v2\/pages\/1115\/"}],"collection":[{"href":"https:\/\/www.st-pierrefuels.ca\/fr\/wp-json\/wp\/v2\/pages\/"}],"about":[{"href":"https:\/\/www.st-pierrefuels.ca\/fr\/wp-json\/wp\/v2\/types\/page\/"}],"author":[{"embeddable":true,"href":"https:\/\/www.st-pierrefuels.ca\/fr\/wp-json\/wp\/v2\/users\/4\/"}],"replies":[{"embeddable":true,"href":"https:\/\/www.st-pierrefuels.ca\/fr\/wp-json\/wp\/v2\/comments\/?post=1115"}],"version-history":[{"count":0,"href":"https:\/\/www.st-pierrefuels.ca\/fr\/wp-json\/wp\/v2\/pages\/1115\/revisions\/"}],"wp:attachment":[{"href":"https:\/\/www.st-pierrefuels.ca\/fr\/wp-json\/wp\/v2\/media\/?parent=1115"}],"curies":[{"name":"wp","href":"https:\/\/api.w.org\/{rel}","templated":true}]}}