{"id":489,"date":"2016-09-14T19:38:32","date_gmt":"2016-09-14T17:38:32","guid":{"rendered":"https:\/\/stpierreflsca2.wpengine.com\/?page_id=489"},"modified":"2025-01-20T20:46:10","modified_gmt":"2025-01-20T19:46:10","slug":"contact","status":"publish","type":"page","link":"https:\/\/www.st-pierrefuels.ca\/fr\/contact\/","title":{"rendered":"Nous joindre"},"content":{"rendered":"<section class=\"wpb-content-wrapper\"><p>[vc_row][vc_column width=\u00a0\u00bb1\/6&Prime;][\/vc_column][vc_column width=\u00a0\u00bb2\/3&Prime;][vc_row_inner][vc_column_inner][vc_column_text]<\/p>\n<h2 style=\"text-align: center;\">St-Pierre Fuels<\/h2>\n<p>[\/vc_column_text][vc_column_text]<\/p>\n<p style=\"text-align: center;\">Vous avez des questions sur nos produits et services ? Vous voulez conna\u00eetre tous les avantages d\u2019opter pour les produits Shell ? Vous d\u00e9sirez ouvrir un compte avec nous ? Notre \u00e9quipe est disponible pour vous conseiller et est \u00e0 votre \u00e9coute pour vous offrir les meilleures solutions pour vos besoins r\u00e9sidentiels ou commerciaux.<\/p>\n<p>[\/vc_column_text][\/vc_column_inner][\/vc_row_inner][\/vc_column][vc_column width=\u00a0\u00bb1\/6&Prime;][\/vc_column][\/vc_row][vc_row css=\u00a0\u00bb.vc_custom_1473878383241{padding-top: 0px !important;padding-bottom: 0px !important;}\u00a0\u00bb][vc_column width=\u00a0\u00bb1\/3&Prime;][vc_column_text el_class=\u00a0\u00bbtitre-section\u00a0\u00bb]Contactez-nous[\/vc_column_text][vc_column_text]<\/p>\n<div class=\"content-contact\">\n<p class=\"titre-contact\">Adresse<\/p>\n<p><i class=\"fa fa-map-marker\"><\/i>6069, County Rd 34 Lancaster, (Ontario) K0C 1N0<\/p>\n<p class=\"titre-contact\">T\u00e9l\u00e9phone et t\u00e9l\u00e9copieur<\/p>\n<p><i class=\"fa fa-phone\"><\/i> (613) 347-3407<\/p>\n<p><i class=\"fa fa-fax\"><\/i> (613) 347-2081<\/p>\n<p class=\"titre-contact\">Courriel<\/p>\n<p><i class=\"fa fa-envelope\"><\/i> info@st-pierrefuels.ca<\/p>\n<\/div>\n<p>[\/vc_column_text][\/vc_column][vc_column width=\u00a0\u00bb2\/3&Prime;][vc_gmaps link=\u00a0\u00bb#E-8_JTNDaWZyYW1lJTIwc3JjJTNEJTIyaHR0cHMlM0ElMkYlMkZ3d3cuZ29vZ2xlLmNvbSUyRm1hcHMlMkZlbWJlZCUzRnBiJTNEJTIxMW0xOCUyMTFtMTIlMjExbTMlMjExZDE4MDA2MS4yNDc1MjMwMDU3MyUyMTJkLTc0LjY1Mzk5MzA3MzUyNjg5JTIxM2Q0NS4xNTc1OTUwNjE4Njk5MDUlMjEybTMlMjExZjAlMjEyZjAlMjEzZjAlMjEzbTIlMjExaTEwMjQlMjEyaTc2OCUyMTRmMTMuMSUyMTNtMyUyMTFtMiUyMTFzMHg0Y2NlYTgyMmEzM2RlNDVkJTI1M0EweGY2ZjFlMDA5MjMwYzJjMjAlMjEyczYwNjklMkJDb3VudHklMkJSZCUyQjM0JTI1MkMlMkJMYW5jYXN0ZXIlMjUyQyUyQk9OJTJCSzBDJTJCMU4wJTIxNWUwJTIxM20yJTIxMXNmciUyMTJzY2ElMjE0djE0NzM4NzU2NTUyMDIlMjIlMjB3aWR0aCUzRCUyMjgwMCUyMiUyMGhlaWdodCUzRCUyMjYwMCUyMiUyMGZyYW1lYm9yZGVyJTNEJTIyMCUyMiUyMHN0eWxlJTNEJTIyYm9yZGVyJTNBMCUyMiUyMGFsbG93ZnVsbHNjcmVlbiUzRSUzQyUyRmlmcmFtZSUzRQ==\u00a0\u00bb size=\u00a0\u00bb\u00a0\u00bb el_class=\u00a0\u00bbcarte-contact\u00a0\u00bb][\/vc_column][\/vc_row][vc_row css=\u00a0\u00bb.vc_custom_1473878375334{padding-top: 0px !important;}\u00a0\u00bb][vc_column]<script type=\"text\/javascript\">var gform;gform||(document.addEventListener(\"gform_main_scripts_loaded\",function(){gform.scriptsLoaded=!0}),window.addEventListener(\"DOMContentLoaded\",function(){gform.domLoaded=!0}),gform={domLoaded:!1,scriptsLoaded:!1,initializeOnLoaded:function(o){gform.domLoaded&&gform.scriptsLoaded?o():!gform.domLoaded&&gform.scriptsLoaded?window.addEventListener(\"DOMContentLoaded\",o):document.addEventListener(\"gform_main_scripts_loaded\",o)},hooks:{action:{},filter:{}},addAction:function(o,n,r,t){gform.addHook(\"action\",o,n,r,t)},addFilter:function(o,n,r,t){gform.addHook(\"filter\",o,n,r,t)},doAction:function(o){gform.doHook(\"action\",o,arguments)},applyFilters:function(o){return gform.doHook(\"filter\",o,arguments)},removeAction:function(o,n){gform.removeHook(\"action\",o,n)},removeFilter:function(o,n,r){gform.removeHook(\"filter\",o,n,r)},addHook:function(o,n,r,t,i){null==gform.hooks[o][n]&&(gform.hooks[o][n]=[]);var e=gform.hooks[o][n];null==i&&(i=n+\"_\"+e.length),gform.hooks[o][n].push({tag:i,callable:r,priority:t=null==t?10:t})},doHook:function(n,o,r){var t;if(r=Array.prototype.slice.call(r,1),null!=gform.hooks[n][o]&&((o=gform.hooks[n][o]).sort(function(o,n){return o.priority-n.priority}),o.forEach(function(o){\"function\"!=typeof(t=o.callable)&&(t=window[t]),\"action\"==n?t.apply(null,r):r[0]=t.apply(null,r)})),\"filter\"==n)return r[0]},removeHook:function(o,n,t,i){var r;null!=gform.hooks[o][n]&&(r=(r=gform.hooks[o][n]).filter(function(o,n,r){return!!(null!=i&&i!=o.tag||null!=t&&t!=o.priority)}),gform.hooks[o][n]=r)}});<\/script>\n                <div class='gf_browser_gecko gform_wrapper gravity-theme gform-theme--no-framework form-acheter_wrapper' data-form-theme='gravity-theme' data-form-index='0' id='gform_wrapper_4' ><form method='post' enctype='multipart\/form-data'  id='gform_4' class='form-acheter' action='\/fr\/wp-json\/wp\/v2\/pages\/489\/' data-formid='4' novalidate>\n                        <div class='gform-body gform_body'><div id='gform_fields_4' class='gform_fields top_label form_sublabel_below description_below'><div id=\"field_4_4\"  class=\"gfield gfield--type-text gfield--width-half gfield_contains_required field_sublabel_below gfield--no-description field_description_below hidden_label gfield_visibility_visible\"  data-js-reload=\"field_4_4\"><label class='gfield_label gform-field-label' for='input_4_4' >Nom<span class=\"gfield_required\"><span class=\"gfield_required gfield_required_text\">(N\u00e9cessaire)<\/span><\/span><\/label><div class='ginput_container ginput_container_text'><input name='input_4' id='input_4_4' type='text' value='' class='large'    placeholder='Nom*' aria-required=\"true\" aria-invalid=\"false\"   \/> <\/div><\/div><div id=\"field_4_11\"  class=\"gfield gfield--type-phone gfield--width-half gfield_contains_required field_sublabel_below gfield--no-description field_description_below hidden_label gfield_visibility_visible\"  data-js-reload=\"field_4_11\"><label class='gfield_label gform-field-label' for='input_4_11' >T\u00e9l\u00e9phone<span class=\"gfield_required\"><span class=\"gfield_required gfield_required_text\">(N\u00e9cessaire)<\/span><\/span><\/label><div class='ginput_container ginput_container_phone'><input name='input_11' id='input_4_11' type='tel' value='' class='large'  placeholder='T\u00e9l\u00e9phone*' aria-required=\"true\" aria-invalid=\"false\"   \/><\/div><\/div><div id=\"field_4_3\"  class=\"gfield gfield--type-email gfield--width-full gfield_contains_required field_sublabel_below gfield--no-description field_description_below hidden_label gfield_visibility_visible\"  data-js-reload=\"field_4_3\"><label class='gfield_label gform-field-label' for='input_4_3' >Courriel<span class=\"gfield_required\"><span class=\"gfield_required gfield_required_text\">(N\u00e9cessaire)<\/span><\/span><\/label><div class='ginput_container ginput_container_email'>\n                            <input name='input_3' id='input_4_3' type='email' value='' class='large'   placeholder='Courriel*' aria-required=\"true\" aria-invalid=\"false\"  \/>\n                        <\/div><\/div><div id=\"field_4_23\"  class=\"gfield gfield--type-text gfield--width-full field_sublabel_below gfield--no-description field_description_below hidden_label gfield_visibility_visible\"  data-js-reload=\"field_4_23\"><label class='gfield_label gform-field-label' for='input_4_23' >Untitled<\/label><div class='ginput_container ginput_container_text'><input name='input_23' id='input_4_23' type='text' value='' class='large'    placeholder='Sujet*'  aria-invalid=\"false\"   \/> <\/div><\/div><div id=\"field_4_8\"  class=\"gfield gfield--type-textarea gfield--width-full field_sublabel_below gfield--no-description field_description_below hidden_label gfield_visibility_visible\"  data-js-reload=\"field_4_8\"><label class='gfield_label gform-field-label' for='input_4_8' >Message<\/label><div class='ginput_container ginput_container_textarea'><textarea name='input_8' id='input_4_8' class='textarea small'    placeholder='Message'  aria-invalid=\"false\"   rows='10' cols='50'><\/textarea><\/div><\/div><\/div><\/div>\n        <div class='gform_footer top_label'> <input type='submit' id='gform_submit_button_4' class='gform_button button' value='Soumettre'  onclick='if(window[\"gf_submitting_4\"]){return false;}  if( !jQuery(\"#gform_4\")[0].checkValidity || jQuery(\"#gform_4\")[0].checkValidity()){window[\"gf_submitting_4\"]=true;}  ' onkeypress='if( event.keyCode == 13 ){ if(window[\"gf_submitting_4\"]){return false;} if( !jQuery(\"#gform_4\")[0].checkValidity || jQuery(\"#gform_4\")[0].checkValidity()){window[\"gf_submitting_4\"]=true;}  jQuery(\"#gform_4\").trigger(\"submit\",[true]); }' \/> \n            <input type='hidden' class='gform_hidden' name='is_submit_4' value='1' \/>\n            <input type='hidden' class='gform_hidden' name='gform_submit' value='4' \/>\n            \n            <input type='hidden' class='gform_hidden' name='gform_unique_id' value='' \/>\n            <input type='hidden' class='gform_hidden' name='state_4' value='WyJbXSIsImE3MWQ0YzVjOTdhZmJiMWNlNjg4N2E5MzE2NmE1NTI4Il0=' \/>\n            <input type='hidden' class='gform_hidden' name='gform_target_page_number_4' id='gform_target_page_number_4' value='0' \/>\n            <input type='hidden' class='gform_hidden' name='gform_source_page_number_4' id='gform_source_page_number_4' value='1' \/>\n            <input type='hidden' name='gform_field_values' value='' \/>\n            \n        <\/div>\n                        <\/form>\n                        <\/div><script type=\"text\/javascript\">\n\/* <![CDATA[ *\/\n gform.initializeOnLoaded( function() {gformInitSpinner( 4, 'https:\/\/www.st-pierrefuels.ca\/wp-content\/plugins\/gravityforms\/images\/spinner.svg', true );jQuery('#gform_ajax_frame_4').on('load',function(){var contents = jQuery(this).contents().find('*').html();var is_postback = contents.indexOf('GF_AJAX_POSTBACK') >= 0;if(!is_postback){return;}var form_content = jQuery(this).contents().find('#gform_wrapper_4');var is_confirmation = jQuery(this).contents().find('#gform_confirmation_wrapper_4').length > 0;var is_redirect = contents.indexOf('gformRedirect(){') >= 0;var is_form = form_content.length > 0 && ! is_redirect && ! is_confirmation;var mt = parseInt(jQuery('html').css('margin-top'), 10) + parseInt(jQuery('body').css('margin-top'), 10) + 100;if(is_form){jQuery('#gform_wrapper_4').html(form_content.html());if(form_content.hasClass('gform_validation_error')){jQuery('#gform_wrapper_4').addClass('gform_validation_error');} else {jQuery('#gform_wrapper_4').removeClass('gform_validation_error');}setTimeout( function() { \/* delay the scroll by 50 milliseconds to fix a bug in chrome *\/  }, 50 );if(window['gformInitDatepicker']) {gformInitDatepicker();}if(window['gformInitPriceFields']) {gformInitPriceFields();}var current_page = jQuery('#gform_source_page_number_4').val();gformInitSpinner( 4, 'https:\/\/www.st-pierrefuels.ca\/wp-content\/plugins\/gravityforms\/images\/spinner.svg', true );jQuery(document).trigger('gform_page_loaded', [4, current_page]);window['gf_submitting_4'] = false;}else if(!is_redirect){var confirmation_content = jQuery(this).contents().find('.GF_AJAX_POSTBACK').html();if(!confirmation_content){confirmation_content = contents;}setTimeout(function(){jQuery('#gform_wrapper_4').replaceWith(confirmation_content);jQuery(document).trigger('gform_confirmation_loaded', [4]);window['gf_submitting_4'] = false;wp.a11y.speak(jQuery('#gform_confirmation_message_4').text());}, 50);}else{jQuery('#gform_4').append(contents);if(window['gformRedirect']) {gformRedirect();}}jQuery(document).trigger('gform_post_render', [4, current_page]);gform.utils.trigger({ event: 'gform\/postRender', native: false, data: { formId: 4, currentPage: current_page } });} );} ); \n\/* ]]> *\/\n<\/script>\n[vc_raw_js]JTNDc2NyaXB0JTNFJTBBJTIwJTIwZmJxJTI4JTI3dHJhY2slMjclMkMlMjAlMjdDb250YWN0JTI3JTI5JTNCJTBBJTNDJTJGc2NyaXB0JTNF[\/vc_raw_js][\/vc_column][\/vc_row]<\/p>\n<\/section>","protected":false},"excerpt":{"rendered":"<p>[vc_row][vc_column width=\u00a0\u00bb1\/6&Prime;][\/vc_column][vc_column width=\u00a0\u00bb2\/3&Prime;][vc_row_inner][vc_column_inner][vc_column_text] St-Pierre Fuels [\/vc_column_text][vc_column_text] Vous avez des questions sur nos produits et services ? Vous voulez conna\u00eetre tous les avantages d\u2019opter pour les produits Shell ? Vous d\u00e9sirez&#8230;<\/p>\n","protected":false},"author":4,"featured_media":0,"parent":0,"menu_order":0,"comment_status":"closed","ping_status":"closed","template":"","meta":{"footnotes":""},"class_list":["post-489","page","type-page","status-publish","hentry"],"yoast_head":"<!-- This site is optimized with the Yoast SEO plugin v20.9 - https:\/\/yoast.com\/wordpress\/plugins\/seo\/ -->\n<title>Nous joindre | St-Pierre Fuels<\/title>\n<meta name=\"description\" content=\"Communiquez avec notre \u00e9quipe pour toute question, suggestion, commentaire ou adh\u00e9sion \u00e0 notre service. (613) 347-3407\" \/>\n<meta name=\"robots\" content=\"index, follow, max-snippet:-1, max-image-preview:large, max-video-preview:-1\" \/>\n<link rel=\"canonical\" href=\"https:\/\/www.st-pierrefuels.ca\/fr\/contact\/\" \/>\n<meta property=\"og:locale\" content=\"fr_FR\" \/>\n<meta property=\"og:type\" content=\"article\" \/>\n<meta property=\"og:title\" content=\"Nous joindre | St-Pierre Fuels\" \/>\n<meta property=\"og:description\" content=\"Communiquez avec notre \u00e9quipe pour toute question, suggestion, commentaire ou adh\u00e9sion \u00e0 notre service. (613) 347-3407\" \/>\n<meta property=\"og:url\" content=\"https:\/\/www.st-pierrefuels.ca\/fr\/contact\/\" \/>\n<meta property=\"og:site_name\" content=\"St-Pierre Fuels\" \/>\n<meta property=\"article:modified_time\" content=\"2025-01-20T19:46:10+00:00\" \/>\n<meta name=\"twitter:card\" content=\"summary_large_image\" \/>\n<meta name=\"twitter:label1\" content=\"Dur\u00e9e de lecture estim\u00e9e\" \/>\n\t<meta name=\"twitter:data1\" content=\"1 minute\" \/>\n<script type=\"application\/ld+json\" class=\"yoast-schema-graph\">{\"@context\":\"https:\/\/schema.org\",\"@graph\":[{\"@type\":\"WebPage\",\"@id\":\"https:\/\/www.st-pierrefuels.ca\/fr\/contact\/\",\"url\":\"https:\/\/www.st-pierrefuels.ca\/fr\/contact\/\",\"name\":\"Nous joindre | St-Pierre Fuels\",\"isPartOf\":{\"@id\":\"https:\/\/www.st-pierrefuels.ca\/#website\"},\"datePublished\":\"2016-09-14T17:38:32+00:00\",\"dateModified\":\"2025-01-20T19:46:10+00:00\",\"description\":\"Communiquez avec notre \u00e9quipe pour toute question, suggestion, commentaire ou adh\u00e9sion \u00e0 notre service. (613) 347-3407\",\"breadcrumb\":{\"@id\":\"https:\/\/www.st-pierrefuels.ca\/fr\/contact\/#breadcrumb\"},\"inLanguage\":\"fr-FR\",\"potentialAction\":[{\"@type\":\"ReadAction\",\"target\":[\"https:\/\/www.st-pierrefuels.ca\/fr\/contact\/\"]}]},{\"@type\":\"BreadcrumbList\",\"@id\":\"https:\/\/www.st-pierrefuels.ca\/fr\/contact\/#breadcrumb\",\"itemListElement\":[{\"@type\":\"ListItem\",\"position\":1,\"name\":\"Home\",\"item\":\"https:\/\/www.st-pierrefuels.ca\/fr\/\"},{\"@type\":\"ListItem\",\"position\":2,\"name\":\"Nous joindre\"}]},{\"@type\":\"WebSite\",\"@id\":\"https:\/\/www.st-pierrefuels.ca\/#website\",\"url\":\"https:\/\/www.st-pierrefuels.ca\/\",\"name\":\"St-Pierre Fuels\",\"description\":\"Notre priorit\u00e9- votre satisfaction!\",\"publisher\":{\"@id\":\"https:\/\/www.st-pierrefuels.ca\/#organization\"},\"potentialAction\":[{\"@type\":\"SearchAction\",\"target\":{\"@type\":\"EntryPoint\",\"urlTemplate\":\"https:\/\/www.st-pierrefuels.ca\/?s={search_term_string}\"},\"query-input\":\"required name=search_term_string\"}],\"inLanguage\":\"fr-FR\"},{\"@type\":\"Organization\",\"@id\":\"https:\/\/www.st-pierrefuels.ca\/#organization\",\"name\":\"St-Pierre Fuels\",\"url\":\"https:\/\/www.st-pierrefuels.ca\/\",\"logo\":{\"@type\":\"ImageObject\",\"inLanguage\":\"fr-FR\",\"@id\":\"https:\/\/www.st-pierrefuels.ca\/#\/schema\/logo\/image\/\",\"url\":\"https:\/\/stpierreflsca2.wpengine.com\/wp-content\/uploads\/2016\/09\/St_Pierre_Fuels_NEW.png\",\"contentUrl\":\"https:\/\/stpierreflsca2.wpengine.com\/wp-content\/uploads\/2016\/09\/St_Pierre_Fuels_NEW.png\",\"width\":3000,\"height\":800,\"caption\":\"St-Pierre Fuels\"},\"image\":{\"@id\":\"https:\/\/www.st-pierrefuels.ca\/#\/schema\/logo\/image\/\"}}]}<\/script>\n<!-- \/ Yoast SEO plugin. -->","yoast_head_json":{"title":"Nous joindre | St-Pierre Fuels","description":"Communiquez avec notre \u00e9quipe pour toute question, suggestion, commentaire ou adh\u00e9sion \u00e0 notre service. (613) 347-3407","robots":{"index":"index","follow":"follow","max-snippet":"max-snippet:-1","max-image-preview":"max-image-preview:large","max-video-preview":"max-video-preview:-1"},"canonical":"https:\/\/www.st-pierrefuels.ca\/fr\/contact\/","og_locale":"fr_FR","og_type":"article","og_title":"Nous joindre | St-Pierre Fuels","og_description":"Communiquez avec notre \u00e9quipe pour toute question, suggestion, commentaire ou adh\u00e9sion \u00e0 notre service. (613) 347-3407","og_url":"https:\/\/www.st-pierrefuels.ca\/fr\/contact\/","og_site_name":"St-Pierre Fuels","article_modified_time":"2025-01-20T19:46:10+00:00","twitter_card":"summary_large_image","twitter_misc":{"Dur\u00e9e de lecture estim\u00e9e":"1 minute"},"schema":{"@context":"https:\/\/schema.org","@graph":[{"@type":"WebPage","@id":"https:\/\/www.st-pierrefuels.ca\/fr\/contact\/","url":"https:\/\/www.st-pierrefuels.ca\/fr\/contact\/","name":"Nous joindre | St-Pierre Fuels","isPartOf":{"@id":"https:\/\/www.st-pierrefuels.ca\/#website"},"datePublished":"2016-09-14T17:38:32+00:00","dateModified":"2025-01-20T19:46:10+00:00","description":"Communiquez avec notre \u00e9quipe pour toute question, suggestion, commentaire ou adh\u00e9sion \u00e0 notre service. (613) 347-3407","breadcrumb":{"@id":"https:\/\/www.st-pierrefuels.ca\/fr\/contact\/#breadcrumb"},"inLanguage":"fr-FR","potentialAction":[{"@type":"ReadAction","target":["https:\/\/www.st-pierrefuels.ca\/fr\/contact\/"]}]},{"@type":"BreadcrumbList","@id":"https:\/\/www.st-pierrefuels.ca\/fr\/contact\/#breadcrumb","itemListElement":[{"@type":"ListItem","position":1,"name":"Home","item":"https:\/\/www.st-pierrefuels.ca\/fr\/"},{"@type":"ListItem","position":2,"name":"Nous joindre"}]},{"@type":"WebSite","@id":"https:\/\/www.st-pierrefuels.ca\/#website","url":"https:\/\/www.st-pierrefuels.ca\/","name":"St-Pierre Fuels","description":"Notre priorit\u00e9- votre satisfaction!","publisher":{"@id":"https:\/\/www.st-pierrefuels.ca\/#organization"},"potentialAction":[{"@type":"SearchAction","target":{"@type":"EntryPoint","urlTemplate":"https:\/\/www.st-pierrefuels.ca\/?s={search_term_string}"},"query-input":"required name=search_term_string"}],"inLanguage":"fr-FR"},{"@type":"Organization","@id":"https:\/\/www.st-pierrefuels.ca\/#organization","name":"St-Pierre Fuels","url":"https:\/\/www.st-pierrefuels.ca\/","logo":{"@type":"ImageObject","inLanguage":"fr-FR","@id":"https:\/\/www.st-pierrefuels.ca\/#\/schema\/logo\/image\/","url":"https:\/\/stpierreflsca2.wpengine.com\/wp-content\/uploads\/2016\/09\/St_Pierre_Fuels_NEW.png","contentUrl":"https:\/\/stpierreflsca2.wpengine.com\/wp-content\/uploads\/2016\/09\/St_Pierre_Fuels_NEW.png","width":3000,"height":800,"caption":"St-Pierre Fuels"},"image":{"@id":"https:\/\/www.st-pierrefuels.ca\/#\/schema\/logo\/image\/"}}]}},"_links":{"self":[{"href":"https:\/\/www.st-pierrefuels.ca\/fr\/wp-json\/wp\/v2\/pages\/489\/"}],"collection":[{"href":"https:\/\/www.st-pierrefuels.ca\/fr\/wp-json\/wp\/v2\/pages\/"}],"about":[{"href":"https:\/\/www.st-pierrefuels.ca\/fr\/wp-json\/wp\/v2\/types\/page\/"}],"author":[{"embeddable":true,"href":"https:\/\/www.st-pierrefuels.ca\/fr\/wp-json\/wp\/v2\/users\/4\/"}],"replies":[{"embeddable":true,"href":"https:\/\/www.st-pierrefuels.ca\/fr\/wp-json\/wp\/v2\/comments\/?post=489"}],"version-history":[{"count":0,"href":"https:\/\/www.st-pierrefuels.ca\/fr\/wp-json\/wp\/v2\/pages\/489\/revisions\/"}],"wp:attachment":[{"href":"https:\/\/www.st-pierrefuels.ca\/fr\/wp-json\/wp\/v2\/media\/?parent=489"}],"curies":[{"name":"wp","href":"https:\/\/api.w.org\/{rel}","templated":true}]}}