{"id":524,"date":"2016-09-15T15:47:32","date_gmt":"2016-09-15T13:47:32","guid":{"rendered":"https:\/\/stpierreflsca2.wpengine.com\/?page_id=524"},"modified":"2019-10-31T19:05:23","modified_gmt":"2019-10-31T18:05:23","slug":"services-residentiels","status":"publish","type":"page","link":"https:\/\/www.st-pierrefuels.ca\/fr\/services-residentiels\/","title":{"rendered":"Services r\u00e9sidentiels"},"content":{"rendered":"<section class=\"wpb-content-wrapper\"><p>[vc_row][vc_column width=\u00a0\u00bb1\/2&Prime;][vc_column_text el_class=\u00a0\u00bbtitre-section\u00a0\u00bb]<\/p>\n<h2>Livraison d\u2019huile \u00e0 chauffage<\/h2>\n<p>[\/vc_column_text][vc_column_text]Le confort de votre famille passe par la temp\u00e9rature ambiante de votre maison.<br \/>\nSt-Pierre Fuels se charge de la livraison automatique ou sur appel d\u2019huile \u00e0 chauffage de premi\u00e8re qualit\u00e9 pour que votre demeure soit toujours confortable et chaleureuse, surtout avec les froids hivers que nous avons.<\/p>\n<p>Nous livrons partout sur le territoire de l\u2019Est de l\u2019Ontario (Lancaster, Alexandria, Hawkesbury, Cornwall et les environs), de l\u2019Ouest-de-l\u2019Ile de Montr\u00e9al, de Vaudreuil-Soulanges, de Salaberry-de-Valleyfield et de Beauharnois.<\/p>\n<p>Notre \u00e9quipe s\u2019assure d\u2019offrir \u00e0 ses clients un service fiable, courtois et personnalis\u00e9 depuis plus de 65 ans.[\/vc_column_text][\/vc_column][vc_column width=\u00a0\u00bb1\/2&Prime;][vc_single_image image=\u00a0\u00bb584&Prime; img_size=\u00a0\u00bbfull\u00a0\u00bb][\/vc_column][\/vc_row][vc_row full_width=\u00a0\u00bbstretch_row_content\u00a0\u00bb row_type=\u00a0\u00bbrow\u00a0\u00bb use_row_as_full_screen_section=\u00a0\u00bbno\u00a0\u00bb type=\u00a0\u00bbfull_width\u00a0\u00bb angled_section=\u00a0\u00bbno\u00a0\u00bb text_align=\u00a0\u00bbleft\u00a0\u00bb background_image_as_pattern=\u00a0\u00bbwithout_pattern\u00a0\u00bb background_color=\u00a0\u00bb#f7f8f9&Prime; row_negative_margin=\u00a0\u00bbdisable_negative_margin\u00a0\u00bb css=\u00a0\u00bb.vc_custom_1572533011556{padding-top: 0px !important;padding-bottom: 0px !important;}\u00a0\u00bb el_class=\u00a0\u00bbrange-colors\u00a0\u00bb][vc_column css=\u00a0\u00bb.vc_custom_1572531189648{background-color: #ff0000 !important;}\u00a0\u00bb offset=\u00a0\u00bbvc_col-lg-4 vc_col-md-4 vc_col-xs-12&Prime; el_class=\u00a0\u00bbblock-color\u00a0\u00bb][vc_column_text]<\/p>\n<h3 class=\"blanc\" style=\"text-align: center; padding: 0 0 10px; font-size: 34px;\">Chauffage<\/h3>\n<p>[\/vc_column_text][vc_single_image image=\u00a0\u00bb1068&Prime; img_size=\u00a0\u00bb195&#215;140&Prime; alignment=\u00a0\u00bbcenter\u00a0\u00bb][vc_btn title=\u00a0\u00bbEn savoir plus\u00a0\u00bb shape=\u00a0\u00bbsquare\u00a0\u00bb size=\u00a0\u00bbsm\u00a0\u00bb align=\u00a0\u00bbcenter\u00a0\u00bb link=\u00a0\u00bburl:https%3A%2F%2Fstpierreflsca2.wpengine.com%2Ffr%2Fchauffage%2F|||\u00a0\u00bb el_class=\u00a0\u00bbbordure-contact\u00a0\u00bb][\/vc_column][vc_column css=\u00a0\u00bb.vc_custom_1572531197306{background-color: #ffd200 !important;}\u00a0\u00bb offset=\u00a0\u00bbvc_col-lg-4 vc_col-md-4 vc_col-xs-12&Prime; el_class=\u00a0\u00bbblock-color\u00a0\u00bb][vc_column_text]<\/p>\n<h3 class=\"blanc\" style=\"padding: 0px 0px 10px; text-align: center; font-size: 34px;\">Climatisation<\/h3>\n<p>[\/vc_column_text][vc_single_image image=\u00a0\u00bb1066&Prime; img_size=\u00a0\u00bb195&#215;140&Prime; alignment=\u00a0\u00bbcenter\u00a0\u00bb][vc_btn title=\u00a0\u00bbEn savoir plus\u00a0\u00bb shape=\u00a0\u00bbsquare\u00a0\u00bb size=\u00a0\u00bbsm\u00a0\u00bb align=\u00a0\u00bbcenter\u00a0\u00bb link=\u00a0\u00bburl:https%3A%2F%2Fstpierreflsca2.wpengine.com%2Ffr%2Fclimatisation%2F|||\u00a0\u00bb el_class=\u00a0\u00bbbordure-contact\u00a0\u00bb][\/vc_column][vc_column css=\u00a0\u00bb.vc_custom_1572531204596{background-color: #ff0000 !important;}\u00a0\u00bb offset=\u00a0\u00bbvc_col-lg-4 vc_col-md-4 vc_col-xs-12&Prime; el_class=\u00a0\u00bbblock-color\u00a0\u00bb][vc_column_text]<\/p>\n<h3 class=\"blanc\" style=\"padding: 0px 0px 10px; text-align: center; font-size: 34px;\">Gaz propane<\/h3>\n<p>[\/vc_column_text][vc_single_image image=\u00a0\u00bb1064&Prime; img_size=\u00a0\u00bb195&#215;140&Prime; alignment=\u00a0\u00bbcenter\u00a0\u00bb][vc_btn title=\u00a0\u00bbEn savoir plus\u00a0\u00bb shape=\u00a0\u00bbsquare\u00a0\u00bb size=\u00a0\u00bbsm\u00a0\u00bb align=\u00a0\u00bbcenter\u00a0\u00bb link=\u00a0\u00bburl:https%3A%2F%2Fpetroleleger.ca%2Fgaz-propane-2%2F||target:%20_blank|\u00a0\u00bb el_class=\u00a0\u00bbbordure-contact\u00a0\u00bb][\/vc_column][\/vc_row][vc_row full_width=\u00a0\u00bbstretch_row\u00a0\u00bb content_placement=\u00a0\u00bbmiddle\u00a0\u00bb css=\u00a0\u00bb.vc_custom_1555444535524{border-bottom-width: 20px !important;}\u00a0\u00bb][vc_column width=\u00a0\u00bb1\/2&Prime;][vc_column_text]<\/p>\n<h4>Les avantages de faire affaire avec nous\u00a0:<\/h4>\n<p>[\/vc_column_text][vc_column_text]<\/p>\n<ul>\n<li>Plan de paiement par mensualit\u00e9, sans frais ni int\u00e9r\u00eats<\/li>\n<li>Plan de r\u00e9compenses Air Miles applicable<\/li>\n<li>Service d\u2019urgence 24 heures sur appel<\/li>\n<\/ul>\n<p>[\/vc_column_text][\/vc_column][vc_column width=\u00a0\u00bb1\/2&Prime;][vc_column_text]<\/p>\n<h4>Produits disponibles \u00e0 la livraison :<\/h4>\n<p>[\/vc_column_text][vc_column_text]<\/p>\n<ul>\n<li>Huile \u00e0 chauffage<\/li>\n<li>Essence<\/li>\n<li>Diesel<\/li>\n<li>Lubrifiants<\/li>\n<\/ul>\n<p>[\/vc_column_text][\/vc_column][\/vc_row][vc_row full_width=\u00a0\u00bbstretch_row\u00a0\u00bb content_placement=\u00a0\u00bbmiddle\u00a0\u00bb css=\u00a0\u00bb.vc_custom_1555445428986{padding-top: 40px !important;padding-bottom: 40px !important;background-color: #ff0000 !important;}\u00a0\u00bb el_class=\u00a0\u00bbbordure-contact\u00a0\u00bb][vc_column width=\u00a0\u00bb2\/3&Prime;][vc_column_text]<\/p>\n<p style=\"text-align: left; font-size: 36px;\">Donnez le plus grand des conforts \u00e0 votre famille<\/p>\n<p>[\/vc_column_text][vc_column_text]<\/p>\n<p style=\"text-align: left; font-size: 24px; line-height: 20px;\">Pour plus de d\u00e9tails sur nos services ou pour parler \u00e0 un repr\u00e9sentant, communiquez avec nous<\/p>\n<p>[\/vc_column_text][\/vc_column][vc_column width=\u00a0\u00bb1\/3&Prime;][vc_btn title=\u00a0\u00bbNous joindre\u00a0\u00bb shape=\u00a0\u00bbsquare\u00a0\u00bb align=\u00a0\u00bbright\u00a0\u00bb link=\u00a0\u00bburl:https%3A%2F%2Fstpierreflsca2.wpengine.com%2Ffr%2Fcontact%2F|||\u00a0\u00bb][\/vc_column][\/vc_row]<\/p>\n<\/section>","protected":false},"excerpt":{"rendered":"<p>[vc_row][vc_column width=\u00a0\u00bb1\/2&Prime;][vc_column_text el_class=\u00a0\u00bbtitre-section\u00a0\u00bb] Livraison d\u2019huile \u00e0 chauffage [\/vc_column_text][vc_column_text]Le confort de votre famille passe par la temp\u00e9rature ambiante de votre maison. St-Pierre Fuels se charge de la livraison automatique ou sur&#8230;<\/p>\n","protected":false},"author":4,"featured_media":0,"parent":0,"menu_order":0,"comment_status":"closed","ping_status":"closed","template":"","meta":{"footnotes":""},"class_list":["post-524","page","type-page","status-publish","hentry"],"yoast_head":"<!-- This site is optimized with the Yoast SEO plugin v20.9 - https:\/\/yoast.com\/wordpress\/plugins\/seo\/ -->\n<title>Services r\u00e9sidentiels | St-Pierre Fuels<\/title>\n<meta name=\"description\" content=\"Livraison d\u2019huile \u00e0 chauffage et d\u2019autre produits pour tous vos besoins r\u00e9sidentiels. Confiez le confort de votre maison \u00e0 St-Pierre Fuels, experts depuis 1951.\" \/>\n<meta name=\"robots\" content=\"index, follow, max-snippet:-1, max-image-preview:large, max-video-preview:-1\" \/>\n<link rel=\"canonical\" href=\"https:\/\/www.st-pierrefuels.ca\/fr\/services-residentiels\/\" \/>\n<meta property=\"og:locale\" content=\"fr_FR\" \/>\n<meta property=\"og:type\" content=\"article\" \/>\n<meta property=\"og:title\" content=\"Services r\u00e9sidentiels | St-Pierre Fuels\" \/>\n<meta property=\"og:description\" content=\"Livraison d\u2019huile \u00e0 chauffage et d\u2019autre produits pour tous vos besoins r\u00e9sidentiels. Confiez le confort de votre maison \u00e0 St-Pierre Fuels, experts depuis 1951.\" \/>\n<meta property=\"og:url\" content=\"https:\/\/www.st-pierrefuels.ca\/fr\/services-residentiels\/\" \/>\n<meta property=\"og:site_name\" content=\"St-Pierre Fuels\" \/>\n<meta property=\"article:modified_time\" content=\"2019-10-31T18:05:23+00:00\" \/>\n<meta name=\"twitter:card\" content=\"summary_large_image\" \/>\n<meta name=\"twitter:label1\" content=\"Dur\u00e9e de lecture estim\u00e9e\" \/>\n\t<meta name=\"twitter:data1\" content=\"3 minutes\" \/>\n<script type=\"application\/ld+json\" class=\"yoast-schema-graph\">{\"@context\":\"https:\/\/schema.org\",\"@graph\":[{\"@type\":\"WebPage\",\"@id\":\"https:\/\/www.st-pierrefuels.ca\/fr\/services-residentiels\/\",\"url\":\"https:\/\/www.st-pierrefuels.ca\/fr\/services-residentiels\/\",\"name\":\"Services r\u00e9sidentiels | St-Pierre Fuels\",\"isPartOf\":{\"@id\":\"https:\/\/www.st-pierrefuels.ca\/#website\"},\"datePublished\":\"2016-09-15T13:47:32+00:00\",\"dateModified\":\"2019-10-31T18:05:23+00:00\",\"description\":\"Livraison d\u2019huile \u00e0 chauffage et d\u2019autre produits pour tous vos besoins r\u00e9sidentiels. Confiez le confort de votre maison \u00e0 St-Pierre Fuels, experts depuis 1951.\",\"breadcrumb\":{\"@id\":\"https:\/\/www.st-pierrefuels.ca\/fr\/services-residentiels\/#breadcrumb\"},\"inLanguage\":\"fr-FR\",\"potentialAction\":[{\"@type\":\"ReadAction\",\"target\":[\"https:\/\/www.st-pierrefuels.ca\/fr\/services-residentiels\/\"]}]},{\"@type\":\"BreadcrumbList\",\"@id\":\"https:\/\/www.st-pierrefuels.ca\/fr\/services-residentiels\/#breadcrumb\",\"itemListElement\":[{\"@type\":\"ListItem\",\"position\":1,\"name\":\"Home\",\"item\":\"https:\/\/www.st-pierrefuels.ca\/fr\/\"},{\"@type\":\"ListItem\",\"position\":2,\"name\":\"Services r\u00e9sidentiels\"}]},{\"@type\":\"WebSite\",\"@id\":\"https:\/\/www.st-pierrefuels.ca\/#website\",\"url\":\"https:\/\/www.st-pierrefuels.ca\/\",\"name\":\"St-Pierre Fuels\",\"description\":\"Notre priorit\u00e9- votre satisfaction!\",\"publisher\":{\"@id\":\"https:\/\/www.st-pierrefuels.ca\/#organization\"},\"potentialAction\":[{\"@type\":\"SearchAction\",\"target\":{\"@type\":\"EntryPoint\",\"urlTemplate\":\"https:\/\/www.st-pierrefuels.ca\/?s={search_term_string}\"},\"query-input\":\"required name=search_term_string\"}],\"inLanguage\":\"fr-FR\"},{\"@type\":\"Organization\",\"@id\":\"https:\/\/www.st-pierrefuels.ca\/#organization\",\"name\":\"St-Pierre Fuels\",\"url\":\"https:\/\/www.st-pierrefuels.ca\/\",\"logo\":{\"@type\":\"ImageObject\",\"inLanguage\":\"fr-FR\",\"@id\":\"https:\/\/www.st-pierrefuels.ca\/#\/schema\/logo\/image\/\",\"url\":\"https:\/\/stpierreflsca2.wpengine.com\/wp-content\/uploads\/2016\/09\/St_Pierre_Fuels_NEW.png\",\"contentUrl\":\"https:\/\/stpierreflsca2.wpengine.com\/wp-content\/uploads\/2016\/09\/St_Pierre_Fuels_NEW.png\",\"width\":3000,\"height\":800,\"caption\":\"St-Pierre Fuels\"},\"image\":{\"@id\":\"https:\/\/www.st-pierrefuels.ca\/#\/schema\/logo\/image\/\"}}]}<\/script>\n<!-- \/ Yoast SEO plugin. -->","yoast_head_json":{"title":"Services r\u00e9sidentiels | St-Pierre Fuels","description":"Livraison d\u2019huile \u00e0 chauffage et d\u2019autre produits pour tous vos besoins r\u00e9sidentiels. Confiez le confort de votre maison \u00e0 St-Pierre Fuels, experts depuis 1951.","robots":{"index":"index","follow":"follow","max-snippet":"max-snippet:-1","max-image-preview":"max-image-preview:large","max-video-preview":"max-video-preview:-1"},"canonical":"https:\/\/www.st-pierrefuels.ca\/fr\/services-residentiels\/","og_locale":"fr_FR","og_type":"article","og_title":"Services r\u00e9sidentiels | St-Pierre Fuels","og_description":"Livraison d\u2019huile \u00e0 chauffage et d\u2019autre produits pour tous vos besoins r\u00e9sidentiels. Confiez le confort de votre maison \u00e0 St-Pierre Fuels, experts depuis 1951.","og_url":"https:\/\/www.st-pierrefuels.ca\/fr\/services-residentiels\/","og_site_name":"St-Pierre Fuels","article_modified_time":"2019-10-31T18:05:23+00:00","twitter_card":"summary_large_image","twitter_misc":{"Dur\u00e9e de lecture estim\u00e9e":"3 minutes"},"schema":{"@context":"https:\/\/schema.org","@graph":[{"@type":"WebPage","@id":"https:\/\/www.st-pierrefuels.ca\/fr\/services-residentiels\/","url":"https:\/\/www.st-pierrefuels.ca\/fr\/services-residentiels\/","name":"Services r\u00e9sidentiels | St-Pierre Fuels","isPartOf":{"@id":"https:\/\/www.st-pierrefuels.ca\/#website"},"datePublished":"2016-09-15T13:47:32+00:00","dateModified":"2019-10-31T18:05:23+00:00","description":"Livraison d\u2019huile \u00e0 chauffage et d\u2019autre produits pour tous vos besoins r\u00e9sidentiels. Confiez le confort de votre maison \u00e0 St-Pierre Fuels, experts depuis 1951.","breadcrumb":{"@id":"https:\/\/www.st-pierrefuels.ca\/fr\/services-residentiels\/#breadcrumb"},"inLanguage":"fr-FR","potentialAction":[{"@type":"ReadAction","target":["https:\/\/www.st-pierrefuels.ca\/fr\/services-residentiels\/"]}]},{"@type":"BreadcrumbList","@id":"https:\/\/www.st-pierrefuels.ca\/fr\/services-residentiels\/#breadcrumb","itemListElement":[{"@type":"ListItem","position":1,"name":"Home","item":"https:\/\/www.st-pierrefuels.ca\/fr\/"},{"@type":"ListItem","position":2,"name":"Services r\u00e9sidentiels"}]},{"@type":"WebSite","@id":"https:\/\/www.st-pierrefuels.ca\/#website","url":"https:\/\/www.st-pierrefuels.ca\/","name":"St-Pierre Fuels","description":"Notre priorit\u00e9- votre satisfaction!","publisher":{"@id":"https:\/\/www.st-pierrefuels.ca\/#organization"},"potentialAction":[{"@type":"SearchAction","target":{"@type":"EntryPoint","urlTemplate":"https:\/\/www.st-pierrefuels.ca\/?s={search_term_string}"},"query-input":"required name=search_term_string"}],"inLanguage":"fr-FR"},{"@type":"Organization","@id":"https:\/\/www.st-pierrefuels.ca\/#organization","name":"St-Pierre Fuels","url":"https:\/\/www.st-pierrefuels.ca\/","logo":{"@type":"ImageObject","inLanguage":"fr-FR","@id":"https:\/\/www.st-pierrefuels.ca\/#\/schema\/logo\/image\/","url":"https:\/\/stpierreflsca2.wpengine.com\/wp-content\/uploads\/2016\/09\/St_Pierre_Fuels_NEW.png","contentUrl":"https:\/\/stpierreflsca2.wpengine.com\/wp-content\/uploads\/2016\/09\/St_Pierre_Fuels_NEW.png","width":3000,"height":800,"caption":"St-Pierre Fuels"},"image":{"@id":"https:\/\/www.st-pierrefuels.ca\/#\/schema\/logo\/image\/"}}]}},"_links":{"self":[{"href":"https:\/\/www.st-pierrefuels.ca\/fr\/wp-json\/wp\/v2\/pages\/524\/"}],"collection":[{"href":"https:\/\/www.st-pierrefuels.ca\/fr\/wp-json\/wp\/v2\/pages\/"}],"about":[{"href":"https:\/\/www.st-pierrefuels.ca\/fr\/wp-json\/wp\/v2\/types\/page\/"}],"author":[{"embeddable":true,"href":"https:\/\/www.st-pierrefuels.ca\/fr\/wp-json\/wp\/v2\/users\/4\/"}],"replies":[{"embeddable":true,"href":"https:\/\/www.st-pierrefuels.ca\/fr\/wp-json\/wp\/v2\/comments\/?post=524"}],"version-history":[{"count":0,"href":"https:\/\/www.st-pierrefuels.ca\/fr\/wp-json\/wp\/v2\/pages\/524\/revisions\/"}],"wp:attachment":[{"href":"https:\/\/www.st-pierrefuels.ca\/fr\/wp-json\/wp\/v2\/media\/?parent=524"}],"curies":[{"name":"wp","href":"https:\/\/api.w.org\/{rel}","templated":true}]}}